{"id":3,"date":"2022-11-16T07:51:13","date_gmt":"2022-11-16T07:51:13","guid":{"rendered":"https:\/\/aridacultus.com\/?page_id=3"},"modified":"2022-12-30T11:35:05","modified_gmt":"2022-12-30T11:35:05","slug":"termeni-si-conditii","status":"publish","type":"page","link":"https:\/\/aridacultus.com\/ro\/terms-and-conditions\/","title":{"rendered":"Termeni \u0219i condi\u021bii"},"content":{"rendered":"<p>Platforma este \u00een proprietatea ARIDA CULTUS SRL. Accesarea platformei <a href=\"http:\/\/aridacultus.com\/ro\/\" target=\"_blank\" rel=\"noopener\" title=\"www.aridacultus.com\">www.aridacultus.com<\/a> , indiferent de scopul utilizatorului ( totalitatea ac\u021biunilor \u0219i serviciilor disponibile pe platform\u0103, oferite de ARIDA CULTUS SRL ori partenerii lor) atrage \u00een mod nemijlocit consim\u021b\u0103m\u00e2ntul cu privire la termenii \u0219i condi\u021biile prezente.<\/p>\n\n\n\n<p><strong>SECURITATE<\/strong><\/p>\n\n\n\n<p>Accesarea platformei http:\/\/www.aridacultus.com se poate efectua doar de persoane cu capacitatea deplin\u0103 de exerci\u021biu, implicit persoanele cu varsta de peste 18 ani, care le sunt atribuite drepturi \u0219i obliga\u021bii, prin acte juridice. Activarea Javascript \u0219i Cookies \u00een motorul de c\u0103utare este necesar\u0103 pentru folosirea platformei www.aridacultus.com . \u00cen conformitate cu standardele actuale, transferul datelor personale se efectueaz\u0103 \u00een baza protocoalelor de securitate.<br>Protocolul de securitate inserat de www.aridacultus.com are scopul de a proteja datele expediate de asigurare a utilizatorului, \u00eens\u0103 ARIDA CULTUS SRL nu este garantat\u0103 securitatea datelor expediate. De\u0219i ARIDA CULTUS SRL folose\u0219te metode sigure de accesare a platformei, nu poate garanta \u00eempotriva eventualelor infrac\u021biuni cibernetice. Utilizarea f\u0103r\u0103 autoriza\u021bie a informa\u021biilor existente pe platform\u0103 \u0219i posibilele daune subsecvente nu sunt responsabilitatea ARIDA CULTUS SRL. Daunele suferite \u00een urma instrain\u0103rii datelor care permit accesul pe platform\u0103 nu sunt responsabilitatea ARIDA CULTUS SRL, utilizatorul este responsabil integral pentru lipsa de confiden\u021bialitate cu privire la e-mail \u0219i parol\u0103. \u00cencetarea folosirii serviciilor puse la dispozi\u021bia utilizatorilor pe platform\u0103 pot fi \u00eencheiate \u00een orice moment online.<\/p>\n\n\n\n<p>ARIDA CULTUS SRL atribuie drepturile de autor cu privire la \u00eentregul con\u021binut existent pe platform\u0103, \u00eenc\u0103lcarea acestor drepturi atrage cu sine sanc\u021biunile legii nr.8\/1996. \u00cen conformitate cu legea \u00een vigoare, \u00een situa\u021bia \u00een care pe platform\u0103 se reg\u0103se\u0219te con\u021binutul neacoperit de drepturi de autor, aceasta apar\u021bine persoane determinate individual. Serviciile puse la dispozi\u021bia utilizatorului pe platform\u0103, de \u00eenregistrare \u0219i logo-ul sunt \u00eenregistrate la oficiul comer\u021bului c\u0103tre ARIDA CULTUS SRL ( inclusiv ale societ\u0103\u021bilor asociate), cu num\u0103rul de \u00eenregistrare (nr de \u00eenregistrare). Folosirea f\u0103r\u0103 autoriza\u021bie societ\u0103\u021bilor ARIDA CULTUS SRL infrac\u021biune \u0219i se pedepse\u0219te \u00een condi\u021biile Legii 84\/1998 ( sesizarea se va face la adresa de e-mail contact@aridacultus.com). Odat\u0103 cu intrarea pe platform\u0103, utilizatorul consimte la prelucrarea datelor cu caracter personal c\u0103tre www.aridacultus.com \u00een conformitate cu prezen\u021bii termeni \u0219i a legisla\u021biei aplicabile.<\/p>\n\n\n\n<p>ARIDA CULTUS SRL nu poate asigura urmatoarele:<\/p>\n\n\n\n<p>Punerea continu\u0103, sigur\u0103 \u00een termen ori f\u0103r\u0103 posibile erori a serviciului la dispozi\u021bia oric\u0103rui utilizator, \u00eens\u0103 posibil\u0103 eroare va fi remediat\u0103 \u00een timp c\u00e2t mai scurt.<br>Cu toate c\u0103 ARIDA CULTUS srl face toate demersurile necesare pentru asigurarea platformei, aceasta nu este culpabil\u0103 \u00een eventualitatea existen\u021bei unor virusuri ori elemente nesigure pentru utilizatori.<br>\u00cen cazul unor pierderi sau daune suferite ca urmare a download-ului de con\u021binut existent pe platform\u0103, utilizatorul nu se poate \u00eendrepta pentru eventuale desp\u0103gubiri \u00eempotriva ARIDA CULTUS SRL, acesta fiind singurul responsabil pentru astfel de ac\u021biuni.<\/p>\n\n\n\n<p>UTILIZATORUL ARE LA CUNO\u0218TIN\u021a\u0102 C\u0102:<\/p>\n\n\n\n<p>Detaliile cu privire la asocia\u021bii arida cultus srl sunt \u00eenc\u0103rcate pe platform\u0103 direct\u0103 de ace\u0219tia ori sunt ob\u021binute din ac\u021biunile f\u0103cute publice.<br>Con\u021binutului \u00eenc\u0103rcat pe platform\u0103 \u00eei pot fi aduse modific\u0103ri f\u0103r\u0103 \u00een\u0219tiin\u021bare premerg\u0103toare, asocia\u021bii ARIDA CULTUS srl av\u00e2nd posibilitatea efectu\u0103rii modific\u0103rii cu privire la serviciile oferite, exist\u00e2nd o posibil\u0103 diferen\u021b\u0103 de timp p\u00e2n\u0103 la actualizare.<br>ARIDA CULTUS srl nu asum\u0103 responsabilitatea cu privire la acurate\u021bea informa\u021biilor aflate pe platform\u0103, de\u0219i se caut\u0103 estimarea exact\u0103. Av\u00e2nd \u00een vedere faptul c\u0103 exist\u0103 servicii pe platform\u0103 nu pot fi privite ca o ofert\u0103 de preferin\u021b\u0103 sau \u00een str\u0103in\u0103tate de instrumente, utilizatorul nu poate privi acestea ca fiind oferte din partea companiei ARIDA CULTUS srl.<\/p>\n\n\n\n<p><strong>Drepturile utilizatorului<\/strong><\/p>\n\n\n\n<p>Disponibilitatea platformei <a href=\"http:\/\/aridacultus.com\/ro\/\" target=\"_blank\" rel=\"noopener\" title=\"www.aridacultus.com\">www.aridacultus.com<\/a> cu titlu gratuit.<br>Dreptul de a fi actualizat cu privire la serviciile ARIDA CULTUS srl prin platforma http:\/\/www.aridacultus.com , \u00een m\u0103sura \u00een care acesta solicit\u0103.<\/p>\n\n\n\n<p><strong>Obliga\u021biile utilizatorilor<\/strong><\/p>\n\n\n\n<p>Folosirea serviciilor platformei \u00een scopurile destinate acestora \u0219i \u00een condi\u021biile legisla\u021biei aplicabile.<br>Folosirea serviciilor platformei f\u0103r\u0103 distribuirea de con\u021binut neconform cu prevederile legale ori eticile morale.<br>Nu va aduce atingere servicii dob\u00e2ndite \u00een urma acces\u0103rii platformei( \u00een aceast\u0103 categorie intra inclusiv copierea, distribuirea neconform\u0103, elaborarea de con\u021binut derivat \u0219i toat\u0103 aceast\u0103 sfer\u0103).<br>Nu practic\u0103 opera\u021biuni infrac\u021bionale bune de legi \u00een vigoare cu privire la frauda cibernetic\u0103 \u0219i toat\u0103 sfera subsecvent\u0103.<\/p>\n\n\n\n<p>Orice tentativ\u0103, materializat\u0103 sau nu de \u00eenc\u0103lcare a securit\u0103\u021bii sistemelor ori a re\u021belelor informatice aduce urm\u0103ri de natur\u0103 penal\u0103, astfel ARIDA CULTUS srl va \u00eenainta respectivele ilegalit\u0103\u021bi c\u0103tre autorit\u0103\u021bile competente, care \u00een temeiul legii aplicabile vor aplica sanc\u021biuni. Utilizatorul este singur, responsabil \u00een situa\u021bia \u00een care nu respect\u0103 (inten\u021bionat sau neinten\u021bionat) termenele \u0219i condi\u021biile de folosire a platformei, iar ca urmare a nerespect\u0103rii acestora sufer\u0103 vreun prejudiciu \u00een leg\u0103tur\u0103 cu serviciile oferite pe platform\u0103. \u00cen sensul celor mai sus precizate arida cultus srl este exonerata de posibilit\u0103\u021bi de ac\u021biuni \u00eendreptate \u00eempotriva c\u0103tre utilizatorul ori ter\u021be persoane.<\/p>\n\n\n\n<p><br><strong>Actualizarea termenilor \u0219i condi\u021biilor<\/strong><\/p>\n\n\n\n<p><br>Actualizarea prezentelor termene \u0219i condi\u021bii se poate face ocazional, iar utilizatorii vor fi informa\u021bii despre acest aspect prin adresa web www.aridacultus.com . Prin utilizarea platformei a posteriori modific\u0103ri termenilor \u0219i condi\u021biilor utilizatorului accept\u0103 actualiz\u0103rile f\u0103cute la acestea.<\/p>","protected":false},"excerpt":{"rendered":"<p>Platforma este \u00een proprietatea ARIDA CULTUS SRL. Accesarea platformei www.aridacultus.com , indiferent de scopul utilizatorului ( totalitatea ac\u021biunilor \u0219i serviciilor disponibile pe platform\u0103, oferite de ARIDA CULTUS SRL ori partenerii acesteia) atrage \u00een mod nemijlocit consim\u021b\u0103m\u00e2ntul cu privire la termenii \u0219i condi\u021biile prezente. SECURITATE Accesarea platformei http:\/\/www.aridacultus.com se poate efectua doar de c\u0103tre persoanele cu [&hellip;]<\/p>\n","protected":false},"author":1,"featured_media":0,"parent":0,"menu_order":0,"comment_status":"closed","ping_status":"closed","template":"","meta":{"footnotes":""},"class_list":["post-3","page","type-page","status-publish","hentry"],"yoast_head":"<!-- This site is optimized with the Yoast SEO plugin v27.2 - https:\/\/yoast.com\/product\/yoast-seo-wordpress\/ -->\n<title>Terms and Conditions - AridaCultus<\/title>\n<meta name=\"robots\" content=\"index, follow, max-snippet:-1, max-image-preview:large, max-video-preview:-1\" \/>\n<link rel=\"canonical\" href=\"https:\/\/aridacultus.com\/ro\/termeni-si-conditii\/\" \/>\n<meta property=\"og:locale\" content=\"ro_RO\" \/>\n<meta property=\"og:type\" content=\"article\" \/>\n<meta property=\"og:title\" content=\"Terms and Conditions - AridaCultus\" \/>\n<meta property=\"og:description\" content=\"Platforma este \u00een proprietatea ARIDA CULTUS SRL. Accesarea platformei www.aridacultus.com , indiferent de scopul utilizatorului ( totalitatea ac\u021biunilor \u0219i serviciilor disponibile pe platform\u0103, oferite de ARIDA CULTUS SRL ori partenerii acesteia) atrage \u00een mod nemijlocit consim\u021b\u0103m\u00e2ntul cu privire la termenii \u0219i condi\u021biile prezente. SECURITATE Accesarea platformei http:\/\/www.aridacultus.com se poate efectua doar de c\u0103tre persoanele cu [&hellip;]\" \/>\n<meta property=\"og:url\" content=\"https:\/\/aridacultus.com\/ro\/termeni-si-conditii\/\" \/>\n<meta property=\"og:site_name\" content=\"AridaCultus\" \/>\n<meta property=\"article:publisher\" content=\"https:\/\/www.facebook.com\/aridacultus\" \/>\n<meta property=\"article:modified_time\" content=\"2022-12-30T11:35:05+00:00\" \/>\n<meta name=\"twitter:card\" content=\"summary_large_image\" \/>\n<meta name=\"twitter:label1\" content=\"Timp estimat pentru citire\" \/>\n\t<meta name=\"twitter:data1\" content=\"5 minute\" \/>\n<script type=\"application\/ld+json\" class=\"yoast-schema-graph\">{\"@context\":\"https:\/\/schema.org\",\"@graph\":[{\"@type\":\"WebPage\",\"@id\":\"https:\/\/aridacultus.com\/terms-and-conditions\/\",\"url\":\"https:\/\/aridacultus.com\/terms-and-conditions\/\",\"name\":\"Terms and Conditions - AridaCultus\",\"isPartOf\":{\"@id\":\"https:\/\/aridacultus.com\/#website\"},\"datePublished\":\"2022-11-16T07:51:13+00:00\",\"dateModified\":\"2022-12-30T11:35:05+00:00\",\"breadcrumb\":{\"@id\":\"https:\/\/aridacultus.com\/terms-and-conditions\/#breadcrumb\"},\"inLanguage\":\"ro-RO\",\"potentialAction\":[{\"@type\":\"ReadAction\",\"target\":[\"https:\/\/aridacultus.com\/terms-and-conditions\/\"]}]},{\"@type\":\"BreadcrumbList\",\"@id\":\"https:\/\/aridacultus.com\/terms-and-conditions\/#breadcrumb\",\"itemListElement\":[{\"@type\":\"ListItem\",\"position\":1,\"name\":\"Home\",\"item\":\"https:\/\/aridacultus.com\/\"},{\"@type\":\"ListItem\",\"position\":2,\"name\":\"Terms and Conditions\"}]},{\"@type\":\"WebSite\",\"@id\":\"https:\/\/aridacultus.com\/#website\",\"url\":\"https:\/\/aridacultus.com\/\",\"name\":\"AridaCultus\",\"description\":\"\",\"publisher\":{\"@id\":\"https:\/\/aridacultus.com\/#organization\"},\"potentialAction\":[{\"@type\":\"SearchAction\",\"target\":{\"@type\":\"EntryPoint\",\"urlTemplate\":\"https:\/\/aridacultus.com\/?s={search_term_string}\"},\"query-input\":{\"@type\":\"PropertyValueSpecification\",\"valueRequired\":true,\"valueName\":\"search_term_string\"}}],\"inLanguage\":\"ro-RO\"},{\"@type\":\"Organization\",\"@id\":\"https:\/\/aridacultus.com\/#organization\",\"name\":\"AridaCultus\",\"url\":\"https:\/\/aridacultus.com\/\",\"logo\":{\"@type\":\"ImageObject\",\"inLanguage\":\"ro-RO\",\"@id\":\"https:\/\/aridacultus.com\/#\/schema\/logo\/image\/\",\"url\":\"https:\/\/aridacultus.com\/wp-content\/uploads\/2022\/11\/logo-web-aridacultus-02.svg\",\"contentUrl\":\"https:\/\/aridacultus.com\/wp-content\/uploads\/2022\/11\/logo-web-aridacultus-02.svg\",\"width\":1,\"height\":1,\"caption\":\"AridaCultus\"},\"image\":{\"@id\":\"https:\/\/aridacultus.com\/#\/schema\/logo\/image\/\"},\"sameAs\":[\"https:\/\/www.facebook.com\/aridacultus\"]}]}<\/script>\n<!-- \/ Yoast SEO plugin. -->","yoast_head_json":{"title":"Termeni \u0219i condi\u021bii - AridaCultus","robots":{"index":"index","follow":"follow","max-snippet":"max-snippet:-1","max-image-preview":"max-image-preview:large","max-video-preview":"max-video-preview:-1"},"canonical":"https:\/\/aridacultus.com\/ro\/termeni-si-conditii\/","og_locale":"ro_RO","og_type":"article","og_title":"Terms and Conditions - AridaCultus","og_description":"Platforma este \u00een proprietatea ARIDA CULTUS SRL. Accesarea platformei www.aridacultus.com , indiferent de scopul utilizatorului ( totalitatea ac\u021biunilor \u0219i serviciilor disponibile pe platform\u0103, oferite de ARIDA CULTUS SRL ori partenerii acesteia) atrage \u00een mod nemijlocit consim\u021b\u0103m\u00e2ntul cu privire la termenii \u0219i condi\u021biile prezente. SECURITATE Accesarea platformei http:\/\/www.aridacultus.com se poate efectua doar de c\u0103tre persoanele cu [&hellip;]","og_url":"https:\/\/aridacultus.com\/ro\/termeni-si-conditii\/","og_site_name":"AridaCultus","article_publisher":"https:\/\/www.facebook.com\/aridacultus","article_modified_time":"2022-12-30T11:35:05+00:00","twitter_card":"summary_large_image","twitter_misc":{"Timp estimat pentru citire":"5 minute"},"schema":{"@context":"https:\/\/schema.org","@graph":[{"@type":"WebPage","@id":"https:\/\/aridacultus.com\/terms-and-conditions\/","url":"https:\/\/aridacultus.com\/terms-and-conditions\/","name":"Termeni \u0219i condi\u021bii - AridaCultus","isPartOf":{"@id":"https:\/\/aridacultus.com\/#website"},"datePublished":"2022-11-16T07:51:13+00:00","dateModified":"2022-12-30T11:35:05+00:00","breadcrumb":{"@id":"https:\/\/aridacultus.com\/terms-and-conditions\/#breadcrumb"},"inLanguage":"ro-RO","potentialAction":[{"@type":"ReadAction","target":["https:\/\/aridacultus.com\/terms-and-conditions\/"]}]},{"@type":"BreadcrumbList","@id":"https:\/\/aridacultus.com\/terms-and-conditions\/#breadcrumb","itemListElement":[{"@type":"ListItem","position":1,"name":"Home","item":"https:\/\/aridacultus.com\/"},{"@type":"ListItem","position":2,"name":"Terms and Conditions"}]},{"@type":"WebSite","@id":"https:\/\/aridacultus.com\/#website","url":"https:\/\/aridacultus.com\/","name":"AridaCultus","description":"","publisher":{"@id":"https:\/\/aridacultus.com\/#organization"},"potentialAction":[{"@type":"SearchAction","target":{"@type":"EntryPoint","urlTemplate":"https:\/\/aridacultus.com\/?s={search_term_string}"},"query-input":{"@type":"PropertyValueSpecification","valueRequired":true,"valueName":"search_term_string"}}],"inLanguage":"ro-RO"},{"@type":"Organization","@id":"https:\/\/aridacultus.com\/#organization","name":"AridaCultus","url":"https:\/\/aridacultus.com\/","logo":{"@type":"ImageObject","inLanguage":"ro-RO","@id":"https:\/\/aridacultus.com\/#\/schema\/logo\/image\/","url":"https:\/\/aridacultus.com\/wp-content\/uploads\/2022\/11\/logo-web-aridacultus-02.svg","contentUrl":"https:\/\/aridacultus.com\/wp-content\/uploads\/2022\/11\/logo-web-aridacultus-02.svg","width":1,"height":1,"caption":"AridaCultus"},"image":{"@id":"https:\/\/aridacultus.com\/#\/schema\/logo\/image\/"},"sameAs":["https:\/\/www.facebook.com\/aridacultus"]}]}},"jetpack_sharing_enabled":true,"_links":{"self":[{"href":"https:\/\/aridacultus.com\/ro\/wp-json\/wp\/v2\/pages\/3","targetHints":{"allow":["GET"]}}],"collection":[{"href":"https:\/\/aridacultus.com\/ro\/wp-json\/wp\/v2\/pages"}],"about":[{"href":"https:\/\/aridacultus.com\/ro\/wp-json\/wp\/v2\/types\/page"}],"author":[{"embeddable":true,"href":"https:\/\/aridacultus.com\/ro\/wp-json\/wp\/v2\/users\/1"}],"replies":[{"embeddable":true,"href":"https:\/\/aridacultus.com\/ro\/wp-json\/wp\/v2\/comments?post=3"}],"version-history":[{"count":2,"href":"https:\/\/aridacultus.com\/ro\/wp-json\/wp\/v2\/pages\/3\/revisions"}],"predecessor-version":[{"id":293,"href":"https:\/\/aridacultus.com\/ro\/wp-json\/wp\/v2\/pages\/3\/revisions\/293"}],"wp:attachment":[{"href":"https:\/\/aridacultus.com\/ro\/wp-json\/wp\/v2\/media?parent=3"}],"curies":[{"name":"wp","href":"https:\/\/api.w.org\/{rel}","templated":true}]}}